{"id":2549,"date":"2020-10-13T15:22:47","date_gmt":"2020-10-13T13:22:47","guid":{"rendered":"https:\/\/gerschmann.net\/versandarten\/"},"modified":"2020-10-13T17:31:19","modified_gmt":"2020-10-13T15:31:19","slug":"versandarten","status":"publish","type":"page","link":"https:\/\/gerschmann.net\/en\/versandarten\/","title":{"rendered":"Versandarten"},"content":{"rendered":"<h3>Lieferung und Versand<\/h3>\n<p>Der Versand und die Lieferung erfolgt durch DHL Die Lieferung erfolgt i.d.R. in 2-3 Werktagen nach \u00dcbergabe an den Zusteller.<br \/>\nSollte ein Artikel nicht sofort lieferbar sein, so werden wir Sie per e-Mail benachrichtigen.<\/p>\n<p>Versandkosten: 5,00 \u20ac<\/p>\n<p>&nbsp;<\/p>\n<p>*Aufgrund von unterschiedlichen Mehrwertsteuers\u00e4tzen in den L\u00e4ndern der Europ\u00e4ischen Union kann der tats\u00e4chliche Betrag geringf\u00fcgig abweichen.<\/p>\n<div class=\"infobox\">\n<p>Bei Versand au\u00dferhalb der EU fallen weitere Kosten durch Verzollung und ggf. MwSt an, die vom Kunden getragen werden m\u00fcssen. Bitte fragen Sie hierzu bei Ihrem Zollamt nach mehr Informationen.<\/p>\n<\/div>\n","protected":false},"excerpt":{"rendered":"<p>Lieferung und Versand Der Versand und die Lieferung erfolgt durch DHL Die Lieferung erfolgt i.d.R. in 2-3 Werktagen nach \u00dcbergabe an den Zusteller. Sollte ein Artikel nicht sofort lieferbar sein, so werden wir Sie per e-Mail benachrichtigen. Versandkosten: 5,00 \u20ac &nbsp; *Aufgrund von unterschiedlichen Mehrwertsteuers\u00e4tzen in den L\u00e4ndern der Europ\u00e4ischen Union kann der tats\u00e4chliche Betrag &hellip; <\/p>\n<p class=\"link-more\"><a href=\"https:\/\/gerschmann.net\/en\/versandarten\/\" class=\"more-link\">Continue reading<span class=\"screen-reader-text\"> &#8220;Versandarten&#8221;<\/span><\/a><\/p>\n","protected":false},"author":4,"featured_media":0,"parent":0,"menu_order":0,"comment_status":"closed","ping_status":"closed","template":"","meta":{"footnotes":""},"class_list":["post-2549","page","type-page","status-publish","hentry"],"translation":{"provider":"WPGlobus","version":"3.0.2","language":"en","enabled_languages":["de","en"],"languages":{"de":{"title":true,"content":true,"excerpt":false},"en":{"title":false,"content":false,"excerpt":false}}},"_links":{"self":[{"href":"https:\/\/gerschmann.net\/en\/wp-json\/wp\/v2\/pages\/2549","targetHints":{"allow":["GET"]}}],"collection":[{"href":"https:\/\/gerschmann.net\/en\/wp-json\/wp\/v2\/pages"}],"about":[{"href":"https:\/\/gerschmann.net\/en\/wp-json\/wp\/v2\/types\/page"}],"author":[{"embeddable":true,"href":"https:\/\/gerschmann.net\/en\/wp-json\/wp\/v2\/users\/4"}],"replies":[{"embeddable":true,"href":"https:\/\/gerschmann.net\/en\/wp-json\/wp\/v2\/comments?post=2549"}],"version-history":[{"count":0,"href":"https:\/\/gerschmann.net\/en\/wp-json\/wp\/v2\/pages\/2549\/revisions"}],"wp:attachment":[{"href":"https:\/\/gerschmann.net\/en\/wp-json\/wp\/v2\/media?parent=2549"}],"curies":[{"name":"wp","href":"https:\/\/api.w.org\/{rel}","templated":true}]}}